{"id":599,"date":"2023-04-09T11:02:46","date_gmt":"2023-04-09T11:02:46","guid":{"rendered":"http:\/\/kubakphoto.pl\/?page_id=599"},"modified":"2025-06-30T07:35:03","modified_gmt":"2025-06-30T07:35:03","slug":"inne","status":"publish","type":"page","link":"https:\/\/kubakphoto.pl\/index.php\/inne\/","title":{"rendered":"Inne"},"content":{"rendered":"\t\t<div data-elementor-type=\"wp-page\" data-elementor-id=\"599\" class=\"elementor elementor-599\" data-elementor-post-type=\"page\">\n\t\t\t\t\t\t<section class=\"elementor-section elementor-top-section elementor-element elementor-element-5138d90 elementor-section-full_width elementor-section-height-default elementor-section-height-default\" data-id=\"5138d90\" data-element_type=\"section\" data-e-type=\"section\">\n\t\t\t\t\t\t<div class=\"elementor-container elementor-column-gap-default\">\n\t\t\t\t\t<div class=\"elementor-column elementor-col-100 elementor-top-column elementor-element elementor-element-6cc4ace\" data-id=\"6cc4ace\" data-element_type=\"column\" data-e-type=\"column\">\n\t\t\t<div class=\"elementor-widget-wrap elementor-element-populated\">\n\t\t\t\t\t\t<div class=\"elementor-element elementor-element-d3188d6 elementor-grid-4 elementor-grid-tablet-2 elementor-grid-mobile-1 elementor-widget elementor-widget-portfolio\" data-id=\"d3188d6\" data-element_type=\"widget\" data-e-type=\"widget\" data-settings=\"{&quot;columns&quot;:&quot;4&quot;,&quot;masonry&quot;:&quot;yes&quot;,&quot;columns_tablet&quot;:&quot;2&quot;,&quot;columns_mobile&quot;:&quot;1&quot;,&quot;item_gap&quot;:{&quot;unit&quot;:&quot;px&quot;,&quot;size&quot;:&quot;&quot;,&quot;sizes&quot;:[]},&quot;row_gap&quot;:{&quot;unit&quot;:&quot;px&quot;,&quot;size&quot;:&quot;&quot;,&quot;sizes&quot;:[]}}\" data-widget_type=\"portfolio.default\">\n\t\t\t\t<div class=\"elementor-widget-container\">\n\t\t\t\t\t\t\t<div class=\"elementor-portfolio elementor-grid elementor-posts-container\" role=\"list\">\n\t\t\t\t<article class=\"elementor-portfolio-item elementor-post  post-996 post type-post status-publish format-standard has-post-thumbnail hentry category-inne category-warszawa\" role=\"listitem\">\n\t\t\t<a class=\"elementor-post__thumbnail__link\" href=\"https:\/\/kubakphoto.pl\/index.php\/2023\/04\/09\/na-przerwie\/\">\n\t\t\t\t<div class=\"elementor-portfolio-item__img elementor-post__thumbnail\">\n\t\t\t<img fetchpriority=\"high\" decoding=\"async\" width=\"800\" height=\"530\" src=\"https:\/\/kubakphoto.pl\/wp-content\/uploads\/2023\/04\/IMGP1612-1024x678.jpg\" class=\"attachment-large size-large wp-image-998\" alt=\"\" srcset=\"https:\/\/kubakphoto.pl\/wp-content\/uploads\/2023\/04\/IMGP1612-1024x678.jpg 1024w, https:\/\/kubakphoto.pl\/wp-content\/uploads\/2023\/04\/IMGP1612-300x199.jpg 300w, https:\/\/kubakphoto.pl\/wp-content\/uploads\/2023\/04\/IMGP1612-768x509.jpg 768w, https:\/\/kubakphoto.pl\/wp-content\/uploads\/2023\/04\/IMGP1612-1536x1017.jpg 1536w, https:\/\/kubakphoto.pl\/wp-content\/uploads\/2023\/04\/IMGP1612-2048x1356.jpg 2048w\" sizes=\"(max-width: 800px) 100vw, 800px\" \/>\t\t<\/div>\n\t\t\t\t<div class=\"elementor-portfolio-item__overlay\">\n\t\t\t\t<h3 class=\"elementor-portfolio-item__title\">\n\t\tNa przerwie\t\t<\/h3>\n\t\t\t\t<\/div>\n\t\t\t\t<\/a>\n\t\t<\/article>\n\t\t\t\t<article class=\"elementor-portfolio-item elementor-post  post-972 post type-post status-publish format-standard has-post-thumbnail hentry category-inne category-praga category-warszawa\" role=\"listitem\">\n\t\t\t<a class=\"elementor-post__thumbnail__link\" href=\"https:\/\/kubakphoto.pl\/index.php\/2023\/04\/09\/sciany\/\">\n\t\t\t\t<div class=\"elementor-portfolio-item__img elementor-post__thumbnail\">\n\t\t\t<img decoding=\"async\" width=\"800\" height=\"530\" src=\"https:\/\/kubakphoto.pl\/wp-content\/uploads\/2023\/04\/IMGP1976-1024x678.jpg\" class=\"attachment-large size-large wp-image-973\" alt=\"\" srcset=\"https:\/\/kubakphoto.pl\/wp-content\/uploads\/2023\/04\/IMGP1976-1024x678.jpg 1024w, https:\/\/kubakphoto.pl\/wp-content\/uploads\/2023\/04\/IMGP1976-300x199.jpg 300w, https:\/\/kubakphoto.pl\/wp-content\/uploads\/2023\/04\/IMGP1976-768x509.jpg 768w, https:\/\/kubakphoto.pl\/wp-content\/uploads\/2023\/04\/IMGP1976-1536x1017.jpg 1536w, https:\/\/kubakphoto.pl\/wp-content\/uploads\/2023\/04\/IMGP1976-2048x1356.jpg 2048w\" sizes=\"(max-width: 800px) 100vw, 800px\" \/>\t\t<\/div>\n\t\t\t\t<div class=\"elementor-portfolio-item__overlay\">\n\t\t\t\t<h3 class=\"elementor-portfolio-item__title\">\n\t\t\u015aciany\t\t<\/h3>\n\t\t\t\t<\/div>\n\t\t\t\t<\/a>\n\t\t<\/article>\n\t\t\t\t<article class=\"elementor-portfolio-item elementor-post  post-979 post type-post status-publish format-standard has-post-thumbnail hentry category-inne category-pojedyncze-zdjecie category-warszawa\" role=\"listitem\">\n\t\t\t<a class=\"elementor-post__thumbnail__link\" href=\"https:\/\/kubakphoto.pl\/index.php\/2023\/04\/09\/zaplecze-noca\/\">\n\t\t\t\t<div class=\"elementor-portfolio-item__img elementor-post__thumbnail\">\n\t\t\t<img decoding=\"async\" width=\"800\" height=\"535\" src=\"https:\/\/kubakphoto.pl\/wp-content\/uploads\/2023\/04\/IMGP9079-1024x685.jpg\" class=\"attachment-large size-large wp-image-980\" alt=\"\" srcset=\"https:\/\/kubakphoto.pl\/wp-content\/uploads\/2023\/04\/IMGP9079-1024x685.jpg 1024w, https:\/\/kubakphoto.pl\/wp-content\/uploads\/2023\/04\/IMGP9079-300x201.jpg 300w, https:\/\/kubakphoto.pl\/wp-content\/uploads\/2023\/04\/IMGP9079-768x514.jpg 768w, https:\/\/kubakphoto.pl\/wp-content\/uploads\/2023\/04\/IMGP9079-1536x1028.jpg 1536w, https:\/\/kubakphoto.pl\/wp-content\/uploads\/2023\/04\/IMGP9079-2048x1371.jpg 2048w\" sizes=\"(max-width: 800px) 100vw, 800px\" \/>\t\t<\/div>\n\t\t\t\t<div class=\"elementor-portfolio-item__overlay\">\n\t\t\t\t<h3 class=\"elementor-portfolio-item__title\">\n\t\tZaplecze noc\u0105\t\t<\/h3>\n\t\t\t\t<\/div>\n\t\t\t\t<\/a>\n\t\t<\/article>\n\t\t\t\t<article class=\"elementor-portfolio-item elementor-post  post-968 post type-post status-publish format-standard has-post-thumbnail hentry category-inne category-swietokrzyskie\" role=\"listitem\">\n\t\t\t<a class=\"elementor-post__thumbnail__link\" href=\"https:\/\/kubakphoto.pl\/index.php\/2023\/04\/09\/pejzaz-swietokrzyski\/\">\n\t\t\t\t<div class=\"elementor-portfolio-item__img elementor-post__thumbnail\">\n\t\t\t<img loading=\"lazy\" decoding=\"async\" width=\"800\" height=\"535\" src=\"https:\/\/kubakphoto.pl\/wp-content\/uploads\/2023\/04\/IMGP8704_2_3_tonemapped-1024x685.jpg\" class=\"attachment-large size-large wp-image-970\" alt=\"\" srcset=\"https:\/\/kubakphoto.pl\/wp-content\/uploads\/2023\/04\/IMGP8704_2_3_tonemapped-1024x685.jpg 1024w, https:\/\/kubakphoto.pl\/wp-content\/uploads\/2023\/04\/IMGP8704_2_3_tonemapped-300x201.jpg 300w, https:\/\/kubakphoto.pl\/wp-content\/uploads\/2023\/04\/IMGP8704_2_3_tonemapped-768x514.jpg 768w, https:\/\/kubakphoto.pl\/wp-content\/uploads\/2023\/04\/IMGP8704_2_3_tonemapped-1536x1028.jpg 1536w, https:\/\/kubakphoto.pl\/wp-content\/uploads\/2023\/04\/IMGP8704_2_3_tonemapped-2048x1370.jpg 2048w\" sizes=\"(max-width: 800px) 100vw, 800px\" \/>\t\t<\/div>\n\t\t\t\t<div class=\"elementor-portfolio-item__overlay\">\n\t\t\t\t<h3 class=\"elementor-portfolio-item__title\">\n\t\tPejza\u017c \u015awi\u0119tokrzyski\t\t<\/h3>\n\t\t\t\t<\/div>\n\t\t\t\t<\/a>\n\t\t<\/article>\n\t\t\t\t<article class=\"elementor-portfolio-item elementor-post  post-964 post type-post status-publish format-standard has-post-thumbnail hentry category-inne category-pojedyncze-zdjecie category-warszawa\" role=\"listitem\">\n\t\t\t<a class=\"elementor-post__thumbnail__link\" href=\"https:\/\/kubakphoto.pl\/index.php\/2023\/04\/09\/predkosc-swiatla\/\">\n\t\t\t\t<div class=\"elementor-portfolio-item__img elementor-post__thumbnail\">\n\t\t\t<img loading=\"lazy\" decoding=\"async\" width=\"800\" height=\"535\" src=\"https:\/\/kubakphoto.pl\/wp-content\/uploads\/2023\/04\/IMGP9203-1024x685.jpg\" class=\"attachment-large size-large wp-image-965\" alt=\"\" srcset=\"https:\/\/kubakphoto.pl\/wp-content\/uploads\/2023\/04\/IMGP9203-1024x685.jpg 1024w, https:\/\/kubakphoto.pl\/wp-content\/uploads\/2023\/04\/IMGP9203-300x201.jpg 300w, https:\/\/kubakphoto.pl\/wp-content\/uploads\/2023\/04\/IMGP9203-768x514.jpg 768w, https:\/\/kubakphoto.pl\/wp-content\/uploads\/2023\/04\/IMGP9203-1536x1028.jpg 1536w, https:\/\/kubakphoto.pl\/wp-content\/uploads\/2023\/04\/IMGP9203-2048x1371.jpg 2048w\" sizes=\"(max-width: 800px) 100vw, 800px\" \/>\t\t<\/div>\n\t\t\t\t<div class=\"elementor-portfolio-item__overlay\">\n\t\t\t\t<h3 class=\"elementor-portfolio-item__title\">\n\t\tPr\u0119dko\u015b\u0107 \u015bwiat\u0142a\t\t<\/h3>\n\t\t\t\t<\/div>\n\t\t\t\t<\/a>\n\t\t<\/article>\n\t\t\t\t<article class=\"elementor-portfolio-item elementor-post  post-959 post type-post status-publish format-standard has-post-thumbnail hentry category-inne category-pojedyncze-zdjecie\" role=\"listitem\">\n\t\t\t<a class=\"elementor-post__thumbnail__link\" href=\"https:\/\/kubakphoto.pl\/index.php\/2023\/04\/09\/boeing-787\/\">\n\t\t\t\t<div class=\"elementor-portfolio-item__img elementor-post__thumbnail\">\n\t\t\t<img loading=\"lazy\" decoding=\"async\" width=\"800\" height=\"535\" src=\"https:\/\/kubakphoto.pl\/wp-content\/uploads\/2023\/04\/IMGP9437-1024x685.jpg\" class=\"attachment-large size-large wp-image-960\" alt=\"\" srcset=\"https:\/\/kubakphoto.pl\/wp-content\/uploads\/2023\/04\/IMGP9437-1024x685.jpg 1024w, https:\/\/kubakphoto.pl\/wp-content\/uploads\/2023\/04\/IMGP9437-300x201.jpg 300w, https:\/\/kubakphoto.pl\/wp-content\/uploads\/2023\/04\/IMGP9437-768x514.jpg 768w, https:\/\/kubakphoto.pl\/wp-content\/uploads\/2023\/04\/IMGP9437-1536x1028.jpg 1536w, https:\/\/kubakphoto.pl\/wp-content\/uploads\/2023\/04\/IMGP9437-2048x1371.jpg 2048w\" sizes=\"(max-width: 800px) 100vw, 800px\" \/>\t\t<\/div>\n\t\t\t\t<div class=\"elementor-portfolio-item__overlay\">\n\t\t\t\t<h3 class=\"elementor-portfolio-item__title\">\n\t\tBoeing 787\t\t<\/h3>\n\t\t\t\t<\/div>\n\t\t\t\t<\/a>\n\t\t<\/article>\n\t\t\t\t<article class=\"elementor-portfolio-item elementor-post  post-955 post type-post status-publish format-standard has-post-thumbnail hentry category-inne category-warszawa\" role=\"listitem\">\n\t\t\t<a class=\"elementor-post__thumbnail__link\" href=\"https:\/\/kubakphoto.pl\/index.php\/2023\/04\/09\/cien\/\">\n\t\t\t\t<div class=\"elementor-portfolio-item__img elementor-post__thumbnail\">\n\t\t\t<img loading=\"lazy\" decoding=\"async\" width=\"800\" height=\"529\" src=\"https:\/\/kubakphoto.pl\/wp-content\/uploads\/2023\/04\/cien-1.jpg\" class=\"attachment-large size-large wp-image-962\" alt=\"\" srcset=\"https:\/\/kubakphoto.pl\/wp-content\/uploads\/2023\/04\/cien-1.jpg 1000w, https:\/\/kubakphoto.pl\/wp-content\/uploads\/2023\/04\/cien-1-300x198.jpg 300w, https:\/\/kubakphoto.pl\/wp-content\/uploads\/2023\/04\/cien-1-768x508.jpg 768w\" sizes=\"(max-width: 800px) 100vw, 800px\" \/>\t\t<\/div>\n\t\t\t\t<div class=\"elementor-portfolio-item__overlay\">\n\t\t\t\t<h3 class=\"elementor-portfolio-item__title\">\n\t\tCie\u0144\t\t<\/h3>\n\t\t\t\t<\/div>\n\t\t\t\t<\/a>\n\t\t<\/article>\n\t\t\t\t<article class=\"elementor-portfolio-item elementor-post  post-942 post type-post status-publish format-standard has-post-thumbnail hentry category-inne\" role=\"listitem\">\n\t\t\t<a class=\"elementor-post__thumbnail__link\" href=\"https:\/\/kubakphoto.pl\/index.php\/2023\/04\/09\/impreza\/\">\n\t\t\t\t<div class=\"elementor-portfolio-item__img elementor-post__thumbnail\">\n\t\t\t<img loading=\"lazy\" decoding=\"async\" width=\"800\" height=\"530\" src=\"https:\/\/kubakphoto.pl\/wp-content\/uploads\/2023\/04\/IMGP8784-1024x678.jpg\" class=\"attachment-large size-large wp-image-946\" alt=\"\" srcset=\"https:\/\/kubakphoto.pl\/wp-content\/uploads\/2023\/04\/IMGP8784-1024x678.jpg 1024w, https:\/\/kubakphoto.pl\/wp-content\/uploads\/2023\/04\/IMGP8784-300x199.jpg 300w, https:\/\/kubakphoto.pl\/wp-content\/uploads\/2023\/04\/IMGP8784-768x509.jpg 768w, https:\/\/kubakphoto.pl\/wp-content\/uploads\/2023\/04\/IMGP8784-1536x1017.jpg 1536w, https:\/\/kubakphoto.pl\/wp-content\/uploads\/2023\/04\/IMGP8784-2048x1356.jpg 2048w\" sizes=\"(max-width: 800px) 100vw, 800px\" \/>\t\t<\/div>\n\t\t\t\t<div class=\"elementor-portfolio-item__overlay\">\n\t\t\t\t<h3 class=\"elementor-portfolio-item__title\">\n\t\tImpreza\t\t<\/h3>\n\t\t\t\t<\/div>\n\t\t\t\t<\/a>\n\t\t<\/article>\n\t\t\t\t<article class=\"elementor-portfolio-item elementor-post  post-503 post type-post status-publish format-standard has-post-thumbnail hentry category-inne category-phoenix category-tryptyk category-usa\" role=\"listitem\">\n\t\t\t<a class=\"elementor-post__thumbnail__link\" href=\"https:\/\/kubakphoto.pl\/index.php\/2023\/04\/09\/od-zaplecza\/\">\n\t\t\t\t<div class=\"elementor-portfolio-item__img elementor-post__thumbnail\">\n\t\t\t<img loading=\"lazy\" decoding=\"async\" width=\"800\" height=\"530\" src=\"https:\/\/kubakphoto.pl\/wp-content\/uploads\/2023\/04\/IMGP7311-1024x678.jpg\" class=\"attachment-large size-large wp-image-506\" alt=\"\" srcset=\"https:\/\/kubakphoto.pl\/wp-content\/uploads\/2023\/04\/IMGP7311-1024x678.jpg 1024w, https:\/\/kubakphoto.pl\/wp-content\/uploads\/2023\/04\/IMGP7311-300x199.jpg 300w, https:\/\/kubakphoto.pl\/wp-content\/uploads\/2023\/04\/IMGP7311-768x509.jpg 768w, https:\/\/kubakphoto.pl\/wp-content\/uploads\/2023\/04\/IMGP7311-1536x1017.jpg 1536w, https:\/\/kubakphoto.pl\/wp-content\/uploads\/2023\/04\/IMGP7311-2048x1357.jpg 2048w\" sizes=\"(max-width: 800px) 100vw, 800px\" \/>\t\t<\/div>\n\t\t\t\t<div class=\"elementor-portfolio-item__overlay\">\n\t\t\t\t<h3 class=\"elementor-portfolio-item__title\">\n\t\tOd zaplecza\t\t<\/h3>\n\t\t\t\t<\/div>\n\t\t\t\t<\/a>\n\t\t<\/article>\n\t\t\t\t<article class=\"elementor-portfolio-item elementor-post  post-383 post type-post status-publish format-standard has-post-thumbnail hentry category-inne\" role=\"listitem\">\n\t\t\t<a class=\"elementor-post__thumbnail__link\" href=\"https:\/\/kubakphoto.pl\/index.php\/2023\/04\/08\/ksztalty\/\">\n\t\t\t\t<div class=\"elementor-portfolio-item__img elementor-post__thumbnail\">\n\t\t\t<img loading=\"lazy\" decoding=\"async\" width=\"800\" height=\"536\" src=\"https:\/\/kubakphoto.pl\/wp-content\/uploads\/2023\/04\/IMGP1447e-1024x686.jpg\" class=\"attachment-large size-large wp-image-384\" alt=\"\" srcset=\"https:\/\/kubakphoto.pl\/wp-content\/uploads\/2023\/04\/IMGP1447e-1024x686.jpg 1024w, https:\/\/kubakphoto.pl\/wp-content\/uploads\/2023\/04\/IMGP1447e-300x201.jpg 300w, https:\/\/kubakphoto.pl\/wp-content\/uploads\/2023\/04\/IMGP1447e-768x515.jpg 768w, https:\/\/kubakphoto.pl\/wp-content\/uploads\/2023\/04\/IMGP1447e-1536x1030.jpg 1536w, https:\/\/kubakphoto.pl\/wp-content\/uploads\/2023\/04\/IMGP1447e-2048x1373.jpg 2048w\" sizes=\"(max-width: 800px) 100vw, 800px\" \/>\t\t<\/div>\n\t\t\t\t<div class=\"elementor-portfolio-item__overlay\">\n\t\t\t\t<h3 class=\"elementor-portfolio-item__title\">\n\t\tKszta\u0142ty\t\t<\/h3>\n\t\t\t\t<\/div>\n\t\t\t\t<\/a>\n\t\t<\/article>\n\t\t\t\t<\/div>\n\t\t\t\t\t\t<\/div>\n\t\t\t\t<\/div>\n\t\t\t\t\t<\/div>\n\t\t<\/div>\n\t\t\t\t\t<\/div>\n\t\t<\/section>\n\t\t\t\t<\/div>\n\t\t","protected":false},"excerpt":{"rendered":"","protected":false},"author":1,"featured_media":0,"parent":0,"menu_order":0,"comment_status":"closed","ping_status":"closed","template":"","meta":{"footnotes":""},"class_list":["post-599","page","type-page","status-publish","hentry"],"_links":{"self":[{"href":"https:\/\/kubakphoto.pl\/index.php\/wp-json\/wp\/v2\/pages\/599","targetHints":{"allow":["GET"]}}],"collection":[{"href":"https:\/\/kubakphoto.pl\/index.php\/wp-json\/wp\/v2\/pages"}],"about":[{"href":"https:\/\/kubakphoto.pl\/index.php\/wp-json\/wp\/v2\/types\/page"}],"author":[{"embeddable":true,"href":"https:\/\/kubakphoto.pl\/index.php\/wp-json\/wp\/v2\/users\/1"}],"replies":[{"embeddable":true,"href":"https:\/\/kubakphoto.pl\/index.php\/wp-json\/wp\/v2\/comments?post=599"}],"version-history":[{"count":13,"href":"https:\/\/kubakphoto.pl\/index.php\/wp-json\/wp\/v2\/pages\/599\/revisions"}],"predecessor-version":[{"id":1315,"href":"https:\/\/kubakphoto.pl\/index.php\/wp-json\/wp\/v2\/pages\/599\/revisions\/1315"}],"wp:attachment":[{"href":"https:\/\/kubakphoto.pl\/index.php\/wp-json\/wp\/v2\/media?parent=599"}],"curies":[{"name":"wp","href":"https:\/\/api.w.org\/{rel}","templated":true}]}}